{"id":704,"date":"2021-12-27T16:21:26","date_gmt":"2021-12-27T15:21:26","guid":{"rendered":"https:\/\/itclub.ma\/?page_id=704"},"modified":"2024-08-12T14:17:23","modified_gmt":"2024-08-12T12:17:23","slug":"referencement-webseo","status":"publish","type":"page","link":"https:\/\/itclub.ma\/index.php\/referencement-webseo\/","title":{"rendered":"R\u00e9f\u00e9rencement Web (SEO)"},"content":{"rendered":"\t\t<div data-elementor-type=\"wp-page\" data-elementor-id=\"704\" class=\"elementor elementor-704\" data-elementor-settings=\"[]\">\n\t\t\t\t\t\t<div class=\"elementor-inner\">\n\t\t\t\t\t\t\t<div class=\"elementor-section-wrap\">\n\t\t\t\t\t\t\t<section class=\"elementor-section elementor-top-section elementor-element elementor-element-7e361c6 elementor-section-stretched elementor-section-boxed elementor-section-height-default elementor-section-height-default\" data-id=\"7e361c6\" data-element_type=\"section\" data-settings=\"{&quot;background_background&quot;:&quot;classic&quot;,&quot;shape_divider_bottom&quot;:&quot;clouds&quot;,&quot;stretch_section&quot;:&quot;section-stretched&quot;}\">\n\t\t\t\t\t\t\t<div class=\"elementor-background-overlay\"><\/div>\n\t\t\t\t\t\t<div class=\"elementor-shape elementor-shape-bottom\" data-negative=\"false\">\n\t\t\t<svg xmlns=\"http:\/\/www.w3.org\/2000\/svg\" viewBox=\"0 0 283.5 27.8\" preserveAspectRatio=\"xMidYMax slice\">\n  <path class=\"elementor-shape-fill\" d=\"M0 0v6.7c1.9-.8 4.7-1.4 8.5-1 9.5 1.1 11.1 6 11.1 6s2.1-.7 4.3-.2c2.1.5 2.8 2.6 2.8 2.6s.2-.5 1.4-.7c1.2-.2 1.7.2 1.7.2s0-2.1 1.9-2.8c1.9-.7 3.6.7 3.6.7s.7-2.9 3.1-4.1 4.7 0 4.7 0 1.2-.5 2.4 0 1.7 1.4 1.7 1.4h1.4c.7 0 1.2.7 1.2.7s.8-1.8 4-2.2c3.5-.4 5.3 2.4 6.2 4.4.4-.4 1-.7 1.8-.9 2.8-.7 4 .7 4 .7s1.7-5 11.1-6c9.5-1.1 12.3 3.9 12.3 3.9s1.2-4.8 5.7-5.7c4.5-.9 6.8 1.8 6.8 1.8s.6-.6 1.5-.9c.9-.2 1.9-.2 1.9-.2s5.2-6.4 12.6-3.3c7.3 3.1 4.7 9 4.7 9s1.9-.9 4 0 2.8 2.4 2.8 2.4 1.9-1.2 4.5-1.2 4.3 1.2 4.3 1.2.2-1 1.4-1.7 2.1-.7 2.1-.7-.5-3.1 2.1-5.5 5.7-1.4 5.7-1.4 1.5-2.3 4.2-1.1c2.7 1.2 1.7 5.2 1.7 5.2s.3-.1 1.3.5c.5.4.8.8.9 1.1.5-1.4 2.4-5.8 8.4-4 7.1 2.1 3.5 8.9 3.5 8.9s.8-.4 2 0 1.1 1.1 1.1 1.1 1.1-1.1 2.3-1.1 2.1.5 2.1.5 1.9-3.6 6.2-1.2 1.9 6.4 1.9 6.4 2.6-2.4 7.4 0c3.4 1.7 3.9 4.9 3.9 4.9s3.3-6.9 10.4-7.9 11.5 2.6 11.5 2.6.8 0 1.2.2c.4.2.9.9.9.9s4.4-3.1 8.3.2c1.9 1.7 1.5 5 1.5 5s.3-1.1 1.6-1.4c1.3-.3 2.3.2 2.3.2s-.1-1.2.5-1.9 1.9-.9 1.9-.9-4.7-9.3 4.4-13.4c5.6-2.5 9.2.9 9.2.9s5-6.2 15.9-6.2 16.1 8.1 16.1 8.1.7-.2 1.6-.4V0H0z\"\/>\n<\/svg>\n\t\t<\/div>\n\t\t\t\t\t<div class=\"elementor-container elementor-column-gap-default\">\n\t\t\t\t\t\t\t<div class=\"elementor-row\">\n\t\t\t\t\t<div class=\"elementor-column elementor-col-100 elementor-top-column elementor-element elementor-element-1c92a07a\" data-id=\"1c92a07a\" data-element_type=\"column\">\n\t\t\t<div class=\"elementor-column-wrap elementor-element-populated\">\n\t\t\t\t\t\t\t<div class=\"elementor-widget-wrap\">\n\t\t\t\t\t\t<div class=\"elementor-element elementor-element-1905e2bb elementor-widget elementor-widget-heading\" data-id=\"1905e2bb\" data-element_type=\"widget\" data-widget_type=\"heading.default\">\n\t\t\t\t<div class=\"elementor-widget-container\">\n\t\t\t<h4 class=\"elementor-heading-title elementor-size-small\">R\u00e9f\u00e9rencement Web  (SEO)<\/h4>\t\t<\/div>\n\t\t\t\t<\/div>\n\t\t\t\t<div class=\"elementor-element elementor-element-69487e2e elementor-widget elementor-widget-text-editor\" data-id=\"69487e2e\" data-element_type=\"widget\" data-widget_type=\"text-editor.default\">\n\t\t\t\t<div class=\"elementor-widget-container\">\n\t\t\t\t\t<div class=\"elementor-text-editor elementor-clearfix\"><h2 style=\"color: #c43434;\"><span style=\"color: #e7d1ed;\">IT CLUB Agence de Prestation Informatique\u00a0partout au Maroc<\/span><\/h2><\/div>\n\t\t\t\t<\/div>\n\t\t\t\t<\/div>\n\t\t\t\t\t\t<\/div>\n\t\t\t\t\t<\/div>\n\t\t<\/div>\n\t\t\t\t\t\t\t\t<\/div>\n\t\t\t\t\t<\/div>\n\t\t<\/section>\n\t\t\t\t<section class=\"elementor-section elementor-top-section elementor-element elementor-element-13d9e9e elementor-section-boxed elementor-section-height-default elementor-section-height-default\" data-id=\"13d9e9e\" data-element_type=\"section\">\n\t\t\t\t\t\t<div class=\"elementor-container elementor-column-gap-default\">\n\t\t\t\t\t\t\t<div class=\"elementor-row\">\n\t\t\t\t\t<div class=\"elementor-column elementor-col-100 elementor-top-column elementor-element elementor-element-75e73c7\" data-id=\"75e73c7\" data-element_type=\"column\">\n\t\t\t<div class=\"elementor-column-wrap elementor-element-populated\">\n\t\t\t\t\t\t\t<div class=\"elementor-widget-wrap\">\n\t\t\t\t\t\t<div class=\"elementor-element elementor-element-655a920 elementor-widget elementor-widget-text-editor\" data-id=\"655a920\" data-element_type=\"widget\" data-widget_type=\"text-editor.default\">\n\t\t\t\t<div class=\"elementor-widget-container\">\n\t\t\t\t\t<div class=\"elementor-text-editor elementor-clearfix\"><h4 class=\"fs-26\" style=\"text-align: center;\"><small>\u00caTRE BIEN CLASS\u00c9 DANS LES R\u00c9SULTATS DE GOOGLE, VOUS PERMET UNE VISIBILIT\u00c9 DURABLE ET GRATUITE <br \/>DE VOTRE SITE INTERNET !<\/small><\/h4><\/div>\n\t\t\t\t<\/div>\n\t\t\t\t<\/div>\n\t\t\t\t\t\t<\/div>\n\t\t\t\t\t<\/div>\n\t\t<\/div>\n\t\t\t\t\t\t\t\t<\/div>\n\t\t\t\t\t<\/div>\n\t\t<\/section>\n\t\t\t\t<section class=\"elementor-section elementor-top-section elementor-element elementor-element-a8d4a29 elementor-section-stretched elementor-section-boxed elementor-section-height-default elementor-section-height-default\" data-id=\"a8d4a29\" data-element_type=\"section\" data-settings=\"{&quot;stretch_section&quot;:&quot;section-stretched&quot;}\">\n\t\t\t\t\t\t<div class=\"elementor-container elementor-column-gap-default\">\n\t\t\t\t\t\t\t<div class=\"elementor-row\">\n\t\t\t\t\t<div class=\"elementor-column elementor-col-100 elementor-top-column elementor-element elementor-element-2568685\" data-id=\"2568685\" data-element_type=\"column\">\n\t\t\t<div class=\"elementor-column-wrap elementor-element-populated\">\n\t\t\t\t\t\t\t<div class=\"elementor-widget-wrap\">\n\t\t\t\t\t\t<div class=\"elementor-element elementor-element-582373a elementor-widget elementor-widget-text-editor\" data-id=\"582373a\" data-element_type=\"widget\" data-widget_type=\"text-editor.default\">\n\t\t\t\t<div class=\"elementor-widget-container\">\n\t\t\t\t\t<div class=\"elementor-text-editor elementor-clearfix\"><h3 class=\"fs-26\" style=\"text-align: center;\"><span style=\"color: #000000;\"><strong>Augmentez le trafic qualifi\u00e9 de votre site web !<\/strong><\/span><\/h3><\/div>\n\t\t\t\t<\/div>\n\t\t\t\t<\/div>\n\t\t\t\t\t\t<\/div>\n\t\t\t\t\t<\/div>\n\t\t<\/div>\n\t\t\t\t\t\t\t\t<\/div>\n\t\t\t\t\t<\/div>\n\t\t<\/section>\n\t\t\t\t<section class=\"elementor-section elementor-top-section elementor-element elementor-element-315b80d elementor-section-stretched elementor-section-boxed elementor-section-height-default elementor-section-height-default\" data-id=\"315b80d\" data-element_type=\"section\" data-settings=\"{&quot;stretch_section&quot;:&quot;section-stretched&quot;}\">\n\t\t\t\t\t\t<div class=\"elementor-container elementor-column-gap-default\">\n\t\t\t\t\t\t\t<div class=\"elementor-row\">\n\t\t\t\t\t<div class=\"elementor-column elementor-col-100 elementor-top-column elementor-element elementor-element-5352a98\" data-id=\"5352a98\" data-element_type=\"column\">\n\t\t\t<div class=\"elementor-column-wrap elementor-element-populated\">\n\t\t\t\t\t\t\t<div class=\"elementor-widget-wrap\">\n\t\t\t\t\t\t<div class=\"elementor-element elementor-element-f596452 elementor-hidden-desktop elementor-hidden-tablet elementor-widget elementor-widget-html\" data-id=\"f596452\" data-element_type=\"widget\" data-widget_type=\"html.default\">\n\t\t\t\t<div class=\"elementor-widget-container\">\n\t\t\t<hr style=\"border: none; height: 1px; background-color: blue;\">\t\t<\/div>\n\t\t\t\t<\/div>\n\t\t\t\t<div class=\"elementor-element elementor-element-8fffd21 elementor-hidden-phone elementor-widget elementor-widget-html\" data-id=\"8fffd21\" data-element_type=\"widget\" data-widget_type=\"html.default\">\n\t\t\t\t<div class=\"elementor-widget-container\">\n\t\t\t<!DOCTYPE html>\r\n<html lang=\"en\">\r\n\r\n<head>\r\n\t<meta charset=\"UTF-8\" \/>\r\n\t<meta name=\"viewport\" content=\r\n\t\t\"width=device-width, initial-scale=1.0\" \/>\r\n\t\t\r\n\t<title>\r\n\t\tHow to animate a straight\r\n\t\tline in linear motion?\r\n\t<\/title>\r\n\r\n\t<style>\r\n\t\tbody {\r\n\t\t\tmargin: 0;\r\n\t\t\tpadding: 0;\r\n\t\t\tbackground: green;\r\n\t\t}\r\n\r\n\t\t.geeks {\r\n\t\t\twidth: 300px;\r\n\t\t\theight: 2px;\r\n\t\t\tbackground: #fff;\r\n\t\t\tposition: absolute;\r\n\t\t\ttop: 50%;\r\n\t\t\tleft: 15%;\r\n\t\t\ttransform: translate(-50%, -50%);\r\n\t\t}\r\n\r\n\t\t.geeks::before {\r\n\t\t\tcontent: \"\";\r\n\t\t\tposition: absolute;\r\n\t\t\ttop: 0;\r\n\t\t\tleft: 0;\r\n\t\t\twidth: 100%;\r\n\t\t\theight: 100%;\r\n\t\t\tbackground: blue;\r\n\t\t\tanimation: animate 5s linear infinite;\r\n\t\t}\r\n\r\n\t\t@keyframes animate {\r\n\t\t\t0% {\r\n\t\t\t\tleft: 0;\r\n\t\t\t}\r\n\r\n\t\t\t50% {\r\n\t\t\t\tleft: 100%;\r\n\t\t\t}\r\n\r\n\t\t\t0% {\r\n\t\t\t\tleft: 0;\r\n\t\t\t}\r\n\t\t}\r\n\t<\/style>\r\n<\/head>\r\n\r\n<body>\r\n\t<div class=\"geeks\"><\/div>\r\n<\/body>\r\n\r\n<\/html>\r\n\t\t<\/div>\n\t\t\t\t<\/div>\n\t\t\t\t\t\t<\/div>\n\t\t\t\t\t<\/div>\n\t\t<\/div>\n\t\t\t\t\t\t\t\t<\/div>\n\t\t\t\t\t<\/div>\n\t\t<\/section>\n\t\t\t\t<section class=\"elementor-section elementor-top-section elementor-element elementor-element-16c25a3 elementor-section-stretched elementor-section-boxed elementor-section-height-default elementor-section-height-default\" data-id=\"16c25a3\" data-element_type=\"section\" data-settings=\"{&quot;stretch_section&quot;:&quot;section-stretched&quot;}\">\n\t\t\t\t\t\t<div class=\"elementor-container elementor-column-gap-default\">\n\t\t\t\t\t\t\t<div class=\"elementor-row\">\n\t\t\t\t\t<div class=\"elementor-column elementor-col-66 elementor-top-column elementor-element elementor-element-bd139cf\" data-id=\"bd139cf\" data-element_type=\"column\">\n\t\t\t<div class=\"elementor-column-wrap elementor-element-populated\">\n\t\t\t\t\t\t\t<div class=\"elementor-widget-wrap\">\n\t\t\t\t\t\t<div class=\"elementor-element elementor-element-28b032f elementor-widget elementor-widget-text-editor\" data-id=\"28b032f\" data-element_type=\"widget\" data-widget_type=\"text-editor.default\">\n\t\t\t\t<div class=\"elementor-widget-container\">\n\t\t\t\t\t<div class=\"elementor-text-editor elementor-clearfix\"><p>Vous avez un site web ? La publicit\u00e9 en ligne vous co\u00fbte de l&rsquo;argent ? Voici la solution qui vous ram\u00e8nera des visiteurs cibl\u00e9s, de fa\u00e7on permanente sans payer un centime !<\/p><p>Aujourd&rsquo;hui, la plupart des internautes qui sont \u00e0 la recherche d\u2019un produit ou d\u2019un service commencent leur processus d\u2019achat sur un moteur de recherche comme Google. Ne pas avoir de strat\u00e9gie de\u00a0<strong>r\u00e9f\u00e9rencement web<\/strong>\u00a0revient \u00e0 ignorer ces internautes.<\/p><\/div>\n\t\t\t\t<\/div>\n\t\t\t\t<\/div>\n\t\t\t\t\t\t<\/div>\n\t\t\t\t\t<\/div>\n\t\t<\/div>\n\t\t\t\t<div class=\"elementor-column elementor-col-33 elementor-top-column elementor-element elementor-element-eb80fc8\" data-id=\"eb80fc8\" data-element_type=\"column\">\n\t\t\t<div class=\"elementor-column-wrap elementor-element-populated\">\n\t\t\t\t\t\t\t<div class=\"elementor-widget-wrap\">\n\t\t\t\t\t\t<div class=\"elementor-element elementor-element-74ea5c9 elementor-widget elementor-widget-image\" data-id=\"74ea5c9\" data-element_type=\"widget\" data-widget_type=\"image.default\">\n\t\t\t\t<div class=\"elementor-widget-container\">\n\t\t\t\t\t<div class=\"elementor-image\">\n\t\t\t\t\t\t\t\t\t\t<img loading=\"lazy\" decoding=\"async\" width=\"480\" height=\"354\" src=\"https:\/\/itclub.ma\/wp-content\/uploads\/2021\/12\/single_service_img1.png\" class=\"attachment-large size-large\" alt=\"\" srcset=\"https:\/\/itclub.ma\/wp-content\/uploads\/2021\/12\/single_service_img1.png 480w, https:\/\/itclub.ma\/wp-content\/uploads\/2021\/12\/single_service_img1-300x221.png 300w\" sizes=\"(max-width: 480px) 100vw, 480px\" \/>\t\t\t\t\t\t\t\t\t\t\t<\/div>\n\t\t\t\t<\/div>\n\t\t\t\t<\/div>\n\t\t\t\t\t\t<\/div>\n\t\t\t\t\t<\/div>\n\t\t<\/div>\n\t\t\t\t\t\t\t\t<\/div>\n\t\t\t\t\t<\/div>\n\t\t<\/section>\n\t\t\t\t<section class=\"elementor-section elementor-top-section elementor-element elementor-element-a8844ce elementor-section-stretched elementor-section-boxed elementor-section-height-default elementor-section-height-default\" data-id=\"a8844ce\" data-element_type=\"section\" data-settings=\"{&quot;stretch_section&quot;:&quot;section-stretched&quot;}\">\n\t\t\t\t\t\t<div class=\"elementor-container elementor-column-gap-default\">\n\t\t\t\t\t\t\t<div class=\"elementor-row\">\n\t\t\t\t\t<div class=\"elementor-column elementor-col-100 elementor-top-column elementor-element elementor-element-2fd7704\" data-id=\"2fd7704\" data-element_type=\"column\">\n\t\t\t<div class=\"elementor-column-wrap elementor-element-populated\">\n\t\t\t\t\t\t\t<div class=\"elementor-widget-wrap\">\n\t\t\t\t\t\t<div class=\"elementor-element elementor-element-23eb2b4 elementor-widget elementor-widget-text-editor\" data-id=\"23eb2b4\" data-element_type=\"widget\" data-widget_type=\"text-editor.default\">\n\t\t\t\t<div class=\"elementor-widget-container\">\n\t\t\t\t\t<div class=\"elementor-text-editor elementor-clearfix\"><p>\u00a0<\/p><p>Gr\u00e2ce \u00e0 l\u2019optimisation de votre r\u00e9f\u00e9rencement, vous g\u00e9n\u00e9rez plus de trafic qualifi\u00e9. Dans ce sens, faire une publicit\u00e9 payante en ligne est juste un suppl\u00e9ment pour \u00e9largir le champ de recherche de prospects possibles.<\/p><p>Le r\u00e9f\u00e9rencement naturel, le SEO (Search Engine Optimization en anglais) ou l\u2019optimisation du r\u00e9f\u00e9rencement naturel, est un ensemble de techniques efficaces qu&rsquo;un professionnel peut appliquer pour am\u00e9liorer votre classement dans les r\u00e9sultats de recherche tel que Google (mais aussi Yahoo, Bing, etc.) afin de profiter pleinement de cette source naturelle, durable et gratuite de visiteurs qualifi\u00e9s.<\/p><p>N&rsquo;oubliez pas: Vos concurrents optimisent d\u00e9j\u00e0 leur r\u00e9f\u00e9rencement internet ou le feront bient\u00f4t. Ne perdez pas de temps !<\/p><\/div>\n\t\t\t\t<\/div>\n\t\t\t\t<\/div>\n\t\t\t\t<div class=\"elementor-element elementor-element-06884de elementor-widget elementor-widget-text-editor\" data-id=\"06884de\" data-element_type=\"widget\" data-widget_type=\"text-editor.default\">\n\t\t\t\t<div class=\"elementor-widget-container\">\n\t\t\t\t\t<div class=\"elementor-text-editor elementor-clearfix\"><h2 style=\"text-align: center;\"><span style=\"color: #000000;\">Nos \u00e9tapes pour un<\/span><span style=\"color: #00ffff;\"><span style=\"color: #000000;\">\u00a0<\/span>R\u00e9f\u00e9rencement naturel<\/span>\u00a0<span style=\"color: #000000;\">efficace!<\/span><\/h2><\/div>\n\t\t\t\t<\/div>\n\t\t\t\t<\/div>\n\t\t\t\t\t\t<\/div>\n\t\t\t\t\t<\/div>\n\t\t<\/div>\n\t\t\t\t\t\t\t\t<\/div>\n\t\t\t\t\t<\/div>\n\t\t<\/section>\n\t\t\t\t<section class=\"elementor-section elementor-top-section elementor-element elementor-element-d547427 elementor-section-stretched elementor-hidden-phone elementor-section-boxed elementor-section-height-default elementor-section-height-default\" data-id=\"d547427\" data-element_type=\"section\" data-settings=\"{&quot;stretch_section&quot;:&quot;section-stretched&quot;}\">\n\t\t\t\t\t\t<div class=\"elementor-container elementor-column-gap-default\">\n\t\t\t\t\t\t\t<div class=\"elementor-row\">\n\t\t\t\t\t<div class=\"elementor-column elementor-col-100 elementor-top-column elementor-element elementor-element-e5776eb\" data-id=\"e5776eb\" data-element_type=\"column\">\n\t\t\t<div class=\"elementor-column-wrap elementor-element-populated\">\n\t\t\t\t\t\t\t<div class=\"elementor-widget-wrap\">\n\t\t\t\t\t\t<div class=\"elementor-element elementor-element-0759346 elementor-widget elementor-widget-image\" data-id=\"0759346\" data-element_type=\"widget\" data-widget_type=\"image.default\">\n\t\t\t\t<div class=\"elementor-widget-container\">\n\t\t\t\t\t<div class=\"elementor-image\">\n\t\t\t\t\t\t\t\t\t\t<img loading=\"lazy\" decoding=\"async\" width=\"1351\" height=\"515\" src=\"https:\/\/itclub.ma\/wp-content\/uploads\/2021\/12\/a.jpg\" class=\"attachment-1536x1536 size-1536x1536\" alt=\"\" srcset=\"https:\/\/itclub.ma\/wp-content\/uploads\/2021\/12\/a.jpg 1351w, https:\/\/itclub.ma\/wp-content\/uploads\/2021\/12\/a-300x114.jpg 300w, https:\/\/itclub.ma\/wp-content\/uploads\/2021\/12\/a-1024x390.jpg 1024w, https:\/\/itclub.ma\/wp-content\/uploads\/2021\/12\/a-768x293.jpg 768w, https:\/\/itclub.ma\/wp-content\/uploads\/2021\/12\/a-850x324.jpg 850w\" sizes=\"(max-width: 1351px) 100vw, 1351px\" \/>\t\t\t\t\t\t\t\t\t\t\t<\/div>\n\t\t\t\t<\/div>\n\t\t\t\t<\/div>\n\t\t\t\t\t\t<\/div>\n\t\t\t\t\t<\/div>\n\t\t<\/div>\n\t\t\t\t\t\t\t\t<\/div>\n\t\t\t\t\t<\/div>\n\t\t<\/section>\n\t\t\t\t\t\t<\/div>\n\t\t\t\t\t\t<\/div>\n\t\t\t\t\t<\/div>\n\t\t","protected":false},"excerpt":{"rendered":"<p>R\u00e9f\u00e9rencement Web (SEO) IT CLUB Agence de Prestation Informatique\u00a0partout au Maroc \u00caTRE BIEN CLASS\u00c9 DANS LES R\u00c9SULTATS DE GOOGLE, VOUS PERMET UNE VISIBILIT\u00c9 DURABLE ET GRATUITE DE VOTRE SITE INTERNET ! Augmentez le trafic qualifi\u00e9 de votre site web ! How to animate a straight line in linear motion? Vous avez un site web ?&hellip;<\/p>\n","protected":false},"author":1,"featured_media":0,"parent":0,"menu_order":0,"comment_status":"closed","ping_status":"closed","template":"","meta":{"footnotes":""},"class_list":["post-704","page","type-page","status-publish","hentry"],"_links":{"self":[{"href":"https:\/\/itclub.ma\/index.php\/wp-json\/wp\/v2\/pages\/704"}],"collection":[{"href":"https:\/\/itclub.ma\/index.php\/wp-json\/wp\/v2\/pages"}],"about":[{"href":"https:\/\/itclub.ma\/index.php\/wp-json\/wp\/v2\/types\/page"}],"author":[{"embeddable":true,"href":"https:\/\/itclub.ma\/index.php\/wp-json\/wp\/v2\/users\/1"}],"replies":[{"embeddable":true,"href":"https:\/\/itclub.ma\/index.php\/wp-json\/wp\/v2\/comments?post=704"}],"version-history":[{"count":78,"href":"https:\/\/itclub.ma\/index.php\/wp-json\/wp\/v2\/pages\/704\/revisions"}],"predecessor-version":[{"id":1531,"href":"https:\/\/itclub.ma\/index.php\/wp-json\/wp\/v2\/pages\/704\/revisions\/1531"}],"wp:attachment":[{"href":"https:\/\/itclub.ma\/index.php\/wp-json\/wp\/v2\/media?parent=704"}],"curies":[{"name":"wp","href":"https:\/\/api.w.org\/{rel}","templated":true}]}}